{"id":617,"date":"2018-10-14T12:22:44","date_gmt":"2018-10-14T10:22:44","guid":{"rendered":"https:\/\/web.euromedex.com\/clinical-trial-logistic\/"},"modified":"2019-01-30T17:58:26","modified_gmt":"2019-01-30T16:58:26","slug":"clinical-trial-logistic","status":"publish","type":"page","link":"https:\/\/web.euromedex.com\/de\/clinical-trial-logistic\/","title":{"rendered":"CLINICAL TRIALS LOGISTIC"},"content":{"rendered":"\t\t<div data-elementor-type=\"wp-post\" data-elementor-id=\"617\" class=\"elementor elementor-617 elementor-bc-flex-widget\" data-elementor-post-type=\"page\">\n\t\t\t\t\t\t<section class=\"elementor-section elementor-top-section elementor-element elementor-element-1b23bf57 elementor-section-full_width elementor-section-height-default elementor-section-height-default\" data-id=\"1b23bf57\" data-element_type=\"section\" data-e-type=\"section\" data-settings=\"{&quot;background_background&quot;:&quot;classic&quot;,&quot;sticky&quot;:&quot;top&quot;,&quot;sticky_on&quot;:[&quot;desktop&quot;,&quot;tablet&quot;,&quot;mobile&quot;],&quot;sticky_offset&quot;:0,&quot;sticky_effects_offset&quot;:0,&quot;sticky_anchor_link_offset&quot;:0}\">\n\t\t\t\t\t\t<div class=\"elementor-container elementor-column-gap-default\">\n\t\t\t\t\t<div class=\"elementor-column elementor-col-25 elementor-top-column elementor-element elementor-element-4fe4943e\" data-id=\"4fe4943e\" data-element_type=\"column\" data-e-type=\"column\">\n\t\t\t<div class=\"elementor-widget-wrap elementor-element-populated\">\n\t\t\t\t\t\t<div class=\"elementor-element elementor-element-40caada1 elementor-widget elementor-widget-image\" data-id=\"40caada1\" data-element_type=\"widget\" data-e-type=\"widget\" data-widget_type=\"image.default\">\n\t\t\t\t<div class=\"elementor-widget-container\">\n\t\t\t\t\t\t\t\t\t\t\t\t\t\t\t<img decoding=\"async\" width=\"182\" height=\"45\" src=\"https:\/\/web.euromedex.com\/wp-content\/uploads\/2018\/06\/logo_euromedex.png\" class=\"attachment-large size-large wp-image-17\" alt=\"\" sizes=\"100vw\" \/>\t\t\t\t\t\t\t\t\t\t\t\t\t\t\t<\/div>\n\t\t\t\t<\/div>\n\t\t\t\t\t<\/div>\n\t\t<\/div>\n\t\t\t\t<div class=\"elementor-column elementor-col-50 elementor-top-column elementor-element elementor-element-d90f19b\" data-id=\"d90f19b\" data-element_type=\"column\" data-e-type=\"column\">\n\t\t\t<div class=\"elementor-widget-wrap elementor-element-populated\">\n\t\t\t\t\t\t<div class=\"elementor-element elementor-element-606b4150 elementor-nav-menu--dropdown-tablet elementor-nav-menu__text-align-aside elementor-nav-menu--toggle elementor-nav-menu--burger elementor-widget elementor-widget-nav-menu\" data-id=\"606b4150\" data-element_type=\"widget\" data-e-type=\"widget\" data-settings=\"{&quot;layout&quot;:&quot;horizontal&quot;,&quot;submenu_icon&quot;:{&quot;value&quot;:&quot;&lt;i class=\\&quot;fas fa-caret-down\\&quot; aria-hidden=\\&quot;true\\&quot;&gt;&lt;\\\/i&gt;&quot;,&quot;library&quot;:&quot;fa-solid&quot;},&quot;toggle&quot;:&quot;burger&quot;}\" data-widget_type=\"nav-menu.default\">\n\t\t\t\t<div class=\"elementor-widget-container\">\n\t\t\t\t\t\t\t\t<nav aria-label=\"Men\u00fc\" class=\"elementor-nav-menu--main elementor-nav-menu__container elementor-nav-menu--layout-horizontal e--pointer-underline e--animation-fade\">\n\t\t\t\t<ul id=\"menu-1-606b4150\" class=\"elementor-nav-menu\"><li class=\"menu-item menu-item-type-custom menu-item-object-custom menu-item-460\"><a href=\"https:\/\/web.euromedex.com\/de\/\" class=\"elementor-item\">HOME<\/a><\/li>\n<li class=\"menu-item menu-item-type-custom menu-item-object-custom menu-item-509\"><a href=\"https:\/\/web.euromedex.com\/de\/uber-uns\/\" class=\"elementor-item\">\u00dcBER UNS<\/a><\/li>\n<li class=\"menu-item menu-item-type-custom menu-item-object-custom menu-item-has-children menu-item-510\"><a class=\"elementor-item\">LEISTUNGEN<\/a>\n<ul class=\"sub-menu elementor-nav-menu--dropdown\">\n\t<li class=\"menu-item menu-item-type-custom menu-item-object-custom menu-item-511\"><a href=\"https:\/\/web.euromedex.com\/de\/international-pharmaceutical-wholesaler\/\" class=\"elementor-sub-item\">INTERNATIONAL PHARMACEUTICAL WHOLESALER<\/a><\/li>\n\t<li class=\"menu-item menu-item-type-custom menu-item-object-custom menu-item-512\"><a href=\"https:\/\/web.euromedex.com\/de\/pharmaceutical-export-development\/\" class=\"elementor-sub-item\">PHARMACEUTICAL EXPORT DEVELOPMENT<\/a><\/li>\n\t<li class=\"menu-item menu-item-type-custom menu-item-object-custom menu-item-513\"><a href=\"https:\/\/web.euromedex.com\/de\/pharmacovigilance\/\" class=\"elementor-sub-item\">PHARMACOVIGILANCE<\/a><\/li>\n\t<li class=\"menu-item menu-item-type-custom menu-item-object-custom menu-item-514\"><a href=\"https:\/\/web.euromedex.com\/de\/clinical-trial-logistic\/\" class=\"elementor-sub-item\">CLINICAL TRIALS LOGISTIC<\/a><\/li>\n\t<li class=\"menu-item menu-item-type-custom menu-item-object-custom menu-item-515\"><a href=\"https:\/\/web.euromedex.com\/de\/life-science-products\/\" class=\"elementor-sub-item\">LIFE SCIENCE PRODUCTS<\/a><\/li>\n<\/ul>\n<\/li>\n<li class=\"menu-item menu-item-type-custom menu-item-object-custom menu-item-550\"><a href=\"https:\/\/web.euromedex.com\/de\/nachrichten\/\" class=\"elementor-item\">NEWS<\/a><\/li>\n<li class=\"menu-item menu-item-type-custom menu-item-object-custom menu-item-516\"><a href=\"https:\/\/web.euromedex.com\/de\/kontakt\/\" class=\"elementor-item\">KONTAKT<\/a><\/li>\n<li class=\"menu-item menu-item-type-custom menu-item-object-custom menu-item-has-children menu-item-517\"><a class=\"elementor-item\">e-SHOP<\/a>\n<ul class=\"sub-menu elementor-nav-menu--dropdown\">\n\t<li class=\"menu-item menu-item-type-custom menu-item-object-custom menu-item-518\"><a href=\"http:\/\/shop-euromedex.com\" class=\"elementor-sub-item\">ARZNEIMITTEL UND GESUNDHEITSPRODUKTE<\/a><\/li>\n\t<li class=\"menu-item menu-item-type-custom menu-item-object-custom menu-item-519\"><a href=\"https:\/\/shopresearch.euromedex.com\/\" class=\"elementor-sub-item\">FORSCHUNGSPRODUKTE<\/a><\/li>\n<\/ul>\n<\/li>\n<li class=\"menu-item wpml-ls-slot-2 wpml-ls-item wpml-ls-item-de wpml-ls-current-language wpml-ls-menu-item wpml-ls-last-item menu-item-type-wpml_ls_menu_item menu-item-object-wpml_ls_menu_item menu-item-has-children menu-item-wpml-ls-2-de\"><a href=\"https:\/\/web.euromedex.com\/de\/\" class=\"elementor-item\"><img decoding=\"async\" class=\"wpml-ls-flag\" src=\"https:\/\/web.euromedex.com\/wp-content\/plugins\/sitepress-multilingual-cms\/res\/flags\/de.png\" alt=\"de\" title=\"Deutsch\"><\/a>\n<ul class=\"sub-menu elementor-nav-menu--dropdown\">\n\t<li class=\"menu-item wpml-ls-slot-2 wpml-ls-item wpml-ls-item-fr wpml-ls-menu-item wpml-ls-first-item menu-item-type-wpml_ls_menu_item menu-item-object-wpml_ls_menu_item menu-item-wpml-ls-2-fr\"><a href=\"https:\/\/web.euromedex.com\" class=\"elementor-sub-item\"><img decoding=\"async\" class=\"wpml-ls-flag\" src=\"https:\/\/web.euromedex.com\/wp-content\/plugins\/sitepress-multilingual-cms\/res\/flags\/fr.png\" alt=\"fr\" title=\"Fran\u00e7ais\"><\/a><\/li>\n\t<li class=\"menu-item wpml-ls-slot-2 wpml-ls-item wpml-ls-item-en wpml-ls-menu-item menu-item-type-wpml_ls_menu_item menu-item-object-wpml_ls_menu_item menu-item-wpml-ls-2-en\"><a href=\"https:\/\/web.euromedex.com\/en\/\" class=\"elementor-sub-item\"><img decoding=\"async\" class=\"wpml-ls-flag\" src=\"https:\/\/web.euromedex.com\/wp-content\/plugins\/sitepress-multilingual-cms\/res\/flags\/en.png\" alt=\"en\" title=\"English\"><\/a><\/li>\n<\/ul>\n<\/li>\n<\/ul>\t\t\t<\/nav>\n\t\t\t\t\t<div class=\"elementor-menu-toggle\" role=\"button\" tabindex=\"0\" aria-label=\"Men\u00fc Umschalter\" aria-expanded=\"false\">\n\t\t\t<i aria-hidden=\"true\" role=\"presentation\" class=\"elementor-menu-toggle__icon--open eicon-menu-bar\"><\/i><i aria-hidden=\"true\" role=\"presentation\" class=\"elementor-menu-toggle__icon--close eicon-close\"><\/i>\t\t<\/div>\n\t\t\t\t\t<nav class=\"elementor-nav-menu--dropdown elementor-nav-menu__container\" aria-hidden=\"true\">\n\t\t\t\t<ul id=\"menu-2-606b4150\" class=\"elementor-nav-menu\"><li class=\"menu-item menu-item-type-custom menu-item-object-custom menu-item-460\"><a href=\"https:\/\/web.euromedex.com\/de\/\" class=\"elementor-item\" tabindex=\"-1\">HOME<\/a><\/li>\n<li class=\"menu-item menu-item-type-custom menu-item-object-custom menu-item-509\"><a href=\"https:\/\/web.euromedex.com\/de\/uber-uns\/\" class=\"elementor-item\" tabindex=\"-1\">\u00dcBER UNS<\/a><\/li>\n<li class=\"menu-item menu-item-type-custom menu-item-object-custom menu-item-has-children menu-item-510\"><a class=\"elementor-item\" tabindex=\"-1\">LEISTUNGEN<\/a>\n<ul class=\"sub-menu elementor-nav-menu--dropdown\">\n\t<li class=\"menu-item menu-item-type-custom menu-item-object-custom menu-item-511\"><a href=\"https:\/\/web.euromedex.com\/de\/international-pharmaceutical-wholesaler\/\" class=\"elementor-sub-item\" tabindex=\"-1\">INTERNATIONAL PHARMACEUTICAL WHOLESALER<\/a><\/li>\n\t<li class=\"menu-item menu-item-type-custom menu-item-object-custom menu-item-512\"><a href=\"https:\/\/web.euromedex.com\/de\/pharmaceutical-export-development\/\" class=\"elementor-sub-item\" tabindex=\"-1\">PHARMACEUTICAL EXPORT DEVELOPMENT<\/a><\/li>\n\t<li class=\"menu-item menu-item-type-custom menu-item-object-custom menu-item-513\"><a href=\"https:\/\/web.euromedex.com\/de\/pharmacovigilance\/\" class=\"elementor-sub-item\" tabindex=\"-1\">PHARMACOVIGILANCE<\/a><\/li>\n\t<li class=\"menu-item menu-item-type-custom menu-item-object-custom menu-item-514\"><a href=\"https:\/\/web.euromedex.com\/de\/clinical-trial-logistic\/\" class=\"elementor-sub-item\" tabindex=\"-1\">CLINICAL TRIALS LOGISTIC<\/a><\/li>\n\t<li class=\"menu-item menu-item-type-custom menu-item-object-custom menu-item-515\"><a href=\"https:\/\/web.euromedex.com\/de\/life-science-products\/\" class=\"elementor-sub-item\" tabindex=\"-1\">LIFE SCIENCE PRODUCTS<\/a><\/li>\n<\/ul>\n<\/li>\n<li class=\"menu-item menu-item-type-custom menu-item-object-custom menu-item-550\"><a href=\"https:\/\/web.euromedex.com\/de\/nachrichten\/\" class=\"elementor-item\" tabindex=\"-1\">NEWS<\/a><\/li>\n<li class=\"menu-item menu-item-type-custom menu-item-object-custom menu-item-516\"><a href=\"https:\/\/web.euromedex.com\/de\/kontakt\/\" class=\"elementor-item\" tabindex=\"-1\">KONTAKT<\/a><\/li>\n<li class=\"menu-item menu-item-type-custom menu-item-object-custom menu-item-has-children menu-item-517\"><a class=\"elementor-item\" tabindex=\"-1\">e-SHOP<\/a>\n<ul class=\"sub-menu elementor-nav-menu--dropdown\">\n\t<li class=\"menu-item menu-item-type-custom menu-item-object-custom menu-item-518\"><a href=\"http:\/\/shop-euromedex.com\" class=\"elementor-sub-item\" tabindex=\"-1\">ARZNEIMITTEL UND GESUNDHEITSPRODUKTE<\/a><\/li>\n\t<li class=\"menu-item menu-item-type-custom menu-item-object-custom menu-item-519\"><a href=\"https:\/\/shopresearch.euromedex.com\/\" class=\"elementor-sub-item\" tabindex=\"-1\">FORSCHUNGSPRODUKTE<\/a><\/li>\n<\/ul>\n<\/li>\n<li class=\"menu-item wpml-ls-slot-2 wpml-ls-item wpml-ls-item-de wpml-ls-current-language wpml-ls-menu-item wpml-ls-last-item menu-item-type-wpml_ls_menu_item menu-item-object-wpml_ls_menu_item menu-item-has-children menu-item-wpml-ls-2-de\"><a href=\"https:\/\/web.euromedex.com\/de\/\" class=\"elementor-item\" tabindex=\"-1\"><img decoding=\"async\" class=\"wpml-ls-flag\" src=\"https:\/\/web.euromedex.com\/wp-content\/plugins\/sitepress-multilingual-cms\/res\/flags\/de.png\" alt=\"de\" title=\"Deutsch\"><\/a>\n<ul class=\"sub-menu elementor-nav-menu--dropdown\">\n\t<li class=\"menu-item wpml-ls-slot-2 wpml-ls-item wpml-ls-item-fr wpml-ls-menu-item wpml-ls-first-item menu-item-type-wpml_ls_menu_item menu-item-object-wpml_ls_menu_item menu-item-wpml-ls-2-fr\"><a href=\"https:\/\/web.euromedex.com\" class=\"elementor-sub-item\" tabindex=\"-1\"><img decoding=\"async\" class=\"wpml-ls-flag\" src=\"https:\/\/web.euromedex.com\/wp-content\/plugins\/sitepress-multilingual-cms\/res\/flags\/fr.png\" alt=\"fr\" title=\"Fran\u00e7ais\"><\/a><\/li>\n\t<li class=\"menu-item wpml-ls-slot-2 wpml-ls-item wpml-ls-item-en wpml-ls-menu-item menu-item-type-wpml_ls_menu_item menu-item-object-wpml_ls_menu_item menu-item-wpml-ls-2-en\"><a href=\"https:\/\/web.euromedex.com\/en\/\" class=\"elementor-sub-item\" tabindex=\"-1\"><img decoding=\"async\" class=\"wpml-ls-flag\" src=\"https:\/\/web.euromedex.com\/wp-content\/plugins\/sitepress-multilingual-cms\/res\/flags\/en.png\" alt=\"en\" title=\"English\"><\/a><\/li>\n<\/ul>\n<\/li>\n<\/ul>\t\t\t<\/nav>\n\t\t\t\t\t\t<\/div>\n\t\t\t\t<\/div>\n\t\t\t\t\t<\/div>\n\t\t<\/div>\n\t\t\t\t<div class=\"elementor-column elementor-col-25 elementor-top-column elementor-element elementor-element-6b67bad8\" data-id=\"6b67bad8\" data-element_type=\"column\" data-e-type=\"column\">\n\t\t\t<div class=\"elementor-widget-wrap\">\n\t\t\t\t\t\t\t<\/div>\n\t\t<\/div>\n\t\t\t\t\t<\/div>\n\t\t<\/section>\n\t\t\t\t<section class=\"elementor-section elementor-top-section elementor-element elementor-element-664a451a elementor-section-full_width elementor-section-height-default elementor-section-height-default\" data-id=\"664a451a\" data-element_type=\"section\" data-e-type=\"section\">\n\t\t\t\t\t\t<div class=\"elementor-container elementor-column-gap-default\">\n\t\t\t\t\t<div class=\"elementor-column elementor-col-100 elementor-top-column elementor-element elementor-element-4c2cfab0\" data-id=\"4c2cfab0\" data-element_type=\"column\" data-e-type=\"column\">\n\t\t\t<div class=\"elementor-widget-wrap elementor-element-populated\">\n\t\t\t\t\t\t<div class=\"elementor-element elementor-element-2304a87b elementor-widget elementor-widget-image\" data-id=\"2304a87b\" data-element_type=\"widget\" data-e-type=\"widget\" data-widget_type=\"image.default\">\n\t\t\t\t<div class=\"elementor-widget-container\">\n\t\t\t\t\t\t\t\t\t\t\t\t\t\t\t<img decoding=\"async\" src=\"https:\/\/web.euromedex.com\/wp-content\/uploads\/elementor\/thumbs\/124661669-nrpy37d81433nlz8k17d9gcglsky5d4q3nd6uybteo.jpg\" title=\"124661669\" alt=\"124661669\" loading=\"lazy\" \/>\t\t\t\t\t\t\t\t\t\t\t\t\t\t\t<\/div>\n\t\t\t\t<\/div>\n\t\t\t\t<div class=\"elementor-element elementor-element-09b42e2 elementor-widget elementor-widget-heading\" data-id=\"09b42e2\" data-element_type=\"widget\" data-e-type=\"widget\" data-widget_type=\"heading.default\">\n\t\t\t\t<div class=\"elementor-widget-container\">\n\t\t\t\t\t<h2 class=\"elementor-heading-title elementor-size-default\">CLINICAL TRIALS LOGISTIC<\/h2>\t\t\t\t<\/div>\n\t\t\t\t<\/div>\n\t\t\t\t\t<\/div>\n\t\t<\/div>\n\t\t\t\t\t<\/div>\n\t\t<\/section>\n\t\t\t\t<section class=\"elementor-section elementor-top-section elementor-element elementor-element-68d58133 elementor-section-boxed elementor-section-height-default elementor-section-height-default\" data-id=\"68d58133\" data-element_type=\"section\" data-e-type=\"section\">\n\t\t\t\t\t\t<div class=\"elementor-container elementor-column-gap-default\">\n\t\t\t\t\t<div class=\"elementor-column elementor-col-66 elementor-top-column elementor-element elementor-element-33a57a59\" data-id=\"33a57a59\" data-element_type=\"column\" data-e-type=\"column\">\n\t\t\t<div class=\"elementor-widget-wrap elementor-element-populated\">\n\t\t\t\t\t\t<div class=\"elementor-element elementor-element-11c7b8ca elementor-widget elementor-widget-text-editor\" data-id=\"11c7b8ca\" data-element_type=\"widget\" data-e-type=\"widget\" data-widget_type=\"text-editor.default\">\n\t\t\t\t<div class=\"elementor-widget-container\">\n\t\t\t\t\t\t\t\t\t<div class=\"lh-16\"><p>EUROMEDEX ist in der Lage, die gesamte Logistik einer klinischen Studie zu \u00fcbernehmen, von der Herstellung von Pr\u00fcfprodukten bis zu deren Verwendung am Studienort.<\/p><\/div><div class=\"paragraphs-items paragraphs-items-field-body paragraphs-items-field-body-full paragraphs-items-full\"><div class=\"field field-name-field-body field-type-paragraphs field-label-hidden\"><div class=\"field-items\"><div class=\"field-item even\"><div class=\"entity entity-paragraphs-item paragraphs-item-titre-secondaire\"><div class=\"content\"><div class=\"field field-name-field-title field-type-text field-label-hidden\"><div class=\"field-items\"><div class=\"field-item even\"><p><strong><span style=\"color: #228acb;\">UNSERE EXPERTISE<\/span><\/strong><\/p><\/div><\/div><\/div><\/div><\/div><\/div><div class=\"field-item odd\"><div class=\"entity entity-paragraphs-item paragraphs-item-texte\"><div class=\"content lh-16\"><div class=\"field field-name-field-texte field-type-text-long field-label-hidden\"><div class=\"field-items\"><div class=\"field-item even\"><p>EUROMEDEX ist ein erfahrener Partner f\u00fcr CROs und Unternehmen, die klinische Studien durchf\u00fchren.<\/p><p>Alle Dienstleistungen werden unter strikter Einhaltung der aufsichtsbeh\u00f6rdlichen Vorgaben und der BPF- und GMP\/GDP-Standards erbracht, die dem Qualit\u00e4tssicherungssystem der EUROMEDEX zugrunde liegen.<\/p><\/div><\/div><\/div><\/div><\/div><\/div><div class=\"field-item even\"><div class=\"entity entity-paragraphs-item paragraphs-item-titre-secondaire\"><div class=\"content\"><div class=\"field field-name-field-title field-type-text field-label-hidden\"><div class=\"field-items\"><div class=\"field-item even\"><p><strong><span style=\"color: #228acb;\">UNSER VORSPRUNG<\/span><\/strong><\/p><\/div><\/div><\/div><\/div><\/div><\/div><div class=\"field-item odd\"><div class=\"entity entity-paragraphs-item paragraphs-item-texte\"><div class=\"content lh-16\"><div class=\"field field-name-field-texte field-type-text-long field-label-hidden\"><div class=\"field-items\"><div class=\"field-item even\"><ul><li>Dedizierte Anlagen: Temperaturgeregelt und -\u00fcberwacht.<\/li><li>Kompetente und mehrsprachige Mitarbeiter.<\/li><li>Kundendienst: Individualisierter Kontakt von hoher Qualit\u00e4t.<\/li><li>Reaktionszeit: Lieferung am n\u00e4chsten Tag in Frankreich.<\/li><li>Geographischer Standort: Strategisch, im Herzen Europas<\/li><li>Strenge Qualit\u00e4tssicherung: Den pharmazeutischen Normen entsprechend<\/li><\/ul><p>EUROMEDEX kann f\u00fcr jedes Arzneimittel oder medizinische Ger\u00e4t die folgenden Dienstleistungen erbringen:<\/p><ul><li>Erstellung und Betreuung von AFSSAPS-Dossiers.<\/li><li>Zollformalit\u00e4ten f\u00fcr therapeutische Einheiten bei Ein- und Ausfuhr.<\/li><li>Pharmazeutische Haftung f\u00fcr alle durchgef\u00fchrten Logistik-Ma\u00dfnahmen.<\/li><\/ul><p>EUROMEDEX bietet ihre mit dem Logistikzentrum und der Zentralapotheke zusammenh\u00e4ngenden Dienstleistungen f\u00fcr alle Logistik-Ma\u00dfnahmen an: Annahme, Produktkontrolle, Lagerung, Versand an die Versuchsstandorte (Lieferung am n\u00e4chsten Tag in Frankreich), R\u00fcckversand der nicht genutzten therapeutischen Einheiten, Abgleichung und Quantit\u00e4tskontrollen, Zerst\u00f6rung.<\/p><p>Alle diese Ma\u00dfnahmen werden verfolgt und die Daten \u00fcber den Produktfluss werden in Echtzeit aktualisiert und zur Verf\u00fcgung gestellt.<\/p><p>Das EUROMEDEX-System ist mit IVRS-Systemen [Interactive Voice Response Systems] kompatibel.<\/p><p>Die Logistikarbeiten k\u00f6nnen je nach Bedarf unter kontrollierten Temperaturen stattfinden: &#8211; 20\u00b0 C, + 4\u00b0 C, Raumtemperatur.<\/p><p>Die Temperaturen der verschiedenen dedizierten Anlagen werden gesichert und \u00fcberwacht.<\/p><\/div><\/div><\/div><\/div><\/div><\/div><div class=\"field-item even\"><div class=\"entity entity-paragraphs-item paragraphs-item-titre-secondaire\"><div class=\"content\"><div class=\"field field-name-field-title field-type-text field-label-hidden\"><div class=\"field-items\"><div class=\"field-item even\"><p><strong><span style=\"color: #228acb;\">ERG\u00c4NZENDEN DIENSTLEISTUNGEN<\/span><\/strong><\/p><\/div><\/div><\/div><\/div><\/div><\/div><div class=\"field-item odd\"><div class=\"entity entity-paragraphs-item paragraphs-item-texte\"><div class=\"content lh-16\"><div class=\"field field-name-field-texte field-type-text-long field-label-hidden\"><div class=\"field-items\"><div class=\"field-item even\"><p>Im Rahmen der Gestaltung einer klinischen Studie ist EUROMEDEX in der Lage, die folgenden erg\u00e4nzenden Dienstleistungen anzubieten:<\/p><ul><li>Versorgung mit Arzneimitteln und medizinischen Ger\u00e4ten zum Vergleich mit dem Studienmedikament\/ger\u00e4t.<\/li><li>Management und Logistik von Dokumenten und Randomisierungsumschl\u00e4gen Prim\u00e4re und\/oder sekund\u00e4re Verpackung der therapeutischen Einheiten in Zusammenarbeit mit anderen Dienstleistern.<\/li><\/ul><\/div><\/div><\/div><\/div><\/div><\/div><\/div><\/div><\/div>\t\t\t\t\t\t\t\t<\/div>\n\t\t\t\t<\/div>\n\t\t\t\t\t<\/div>\n\t\t<\/div>\n\t\t\t\t<div class=\"elementor-column elementor-col-33 elementor-top-column elementor-element elementor-element-23368e49\" data-id=\"23368e49\" data-element_type=\"column\" data-e-type=\"column\">\n\t\t\t<div class=\"elementor-widget-wrap elementor-element-populated\">\n\t\t\t\t\t\t<div class=\"elementor-element elementor-element-3f5dd51e elementor-widget elementor-widget-wp-widget-custom_html\" data-id=\"3f5dd51e\" data-element_type=\"widget\" data-e-type=\"widget\" data-widget_type=\"wp-widget-custom_html.default\">\n\t\t\t\t<div class=\"elementor-widget-container\">\n\t\t\t\t\t<div class=\"textwidget custom-html-widget\"><p style=\"background:#228ACB;color:#fff;background-size:100px 100px;padding:10px;text-align:center\">Contact<\/p>\r\n<p style=\"background:#EEEEEE;margin-top:-25px;color:#193D78;padding:25px\">Phone +33 (0)3 67 07 72 81<br \/><br \/>Fax.  <span style=\"margin-left:20px\">+33 (0)3 88 18 07 47<\/span><\/p><\/div>\t\t\t\t<\/div>\n\t\t\t\t<\/div>\n\t\t\t\t\t<\/div>\n\t\t<\/div>\n\t\t\t\t\t<\/div>\n\t\t<\/section>\n\t\t\t\t<section class=\"elementor-section elementor-top-section elementor-element elementor-element-3d0e8dee elementor-section-boxed elementor-section-height-default elementor-section-height-default\" data-id=\"3d0e8dee\" data-element_type=\"section\" data-e-type=\"section\">\n\t\t\t\t\t\t<div class=\"elementor-container elementor-column-gap-default\">\n\t\t\t\t\t<div class=\"elementor-column elementor-col-33 elementor-top-column elementor-element elementor-element-5967a8e1\" data-id=\"5967a8e1\" data-element_type=\"column\" data-e-type=\"column\">\n\t\t\t<div class=\"elementor-widget-wrap elementor-element-populated\">\n\t\t\t\t\t\t<div class=\"elementor-element elementor-element-22b0d6c0 elementor-widget elementor-widget-heading\" data-id=\"22b0d6c0\" data-element_type=\"widget\" data-e-type=\"widget\" data-widget_type=\"heading.default\">\n\t\t\t\t<div class=\"elementor-widget-container\">\n\t\t\t\t\t<p class=\"elementor-heading-title elementor-size-small\">DIRECT LINKS<\/p>\t\t\t\t<\/div>\n\t\t\t\t<\/div>\n\t\t\t\t<div class=\"elementor-element elementor-element-56e76f34 elementor-widget elementor-widget-text-editor\" data-id=\"56e76f34\" data-element_type=\"widget\" data-e-type=\"widget\" data-widget_type=\"text-editor.default\">\n\t\t\t\t<div class=\"elementor-widget-container\">\n\t\t\t\t\t\t\t\t\t<p style=\"border-top: 2px solid #E3E3E3; padding: 5px;\"><a href=\"https:\/\/web.euromedex.com\/de\/\">Home<\/a><a style=\"float: right;\" href=\"https:\/\/web.euromedex.com\/de\/uber-uns\/\">\u00dcber uns<\/a><\/p>\t\t\t\t\t\t\t\t<\/div>\n\t\t\t\t<\/div>\n\t\t\t\t\t<\/div>\n\t\t<\/div>\n\t\t\t\t<div class=\"elementor-column elementor-col-33 elementor-top-column elementor-element elementor-element-644e7971\" data-id=\"644e7971\" data-element_type=\"column\" data-e-type=\"column\">\n\t\t\t<div class=\"elementor-widget-wrap elementor-element-populated\">\n\t\t\t\t\t\t<div class=\"elementor-element elementor-element-37f1dc60 elementor-widget elementor-widget-heading\" data-id=\"37f1dc60\" data-element_type=\"widget\" data-e-type=\"widget\" data-widget_type=\"heading.default\">\n\t\t\t\t<div class=\"elementor-widget-container\">\n\t\t\t\t\t<p class=\"elementor-heading-title elementor-size-default\">KONTAKT<\/p>\t\t\t\t<\/div>\n\t\t\t\t<\/div>\n\t\t\t\t<div class=\"elementor-element elementor-element-324dec43 elementor-widget elementor-widget-text-editor\" data-id=\"324dec43\" data-element_type=\"widget\" data-e-type=\"widget\" data-widget_type=\"text-editor.default\">\n\t\t\t\t<div class=\"elementor-widget-container\">\n\t\t\t\t\t\t\t\t\t<p style=\"border-top: 2px solid #E3E3E3; padding: 5px;\">Euromedex<br \/>24 rue des tuileries<br \/>67460 Souffelweyersheim<br \/>France<\/p>\n<p><span style=\"float: right; margin-top: -155px; padding: 5px;\"><br \/><a href=\"https:\/\/web.euromedex.com\/de\/kontakt\/\">Kontakt aufnehmen<\/a><br \/><\/span><\/p>\n\t\t\t\t\t\t\t\t<\/div>\n\t\t\t\t<\/div>\n\t\t\t\t\t<\/div>\n\t\t<\/div>\n\t\t\t\t<div class=\"elementor-column elementor-col-33 elementor-top-column elementor-element elementor-element-7cf70c27\" data-id=\"7cf70c27\" data-element_type=\"column\" data-e-type=\"column\">\n\t\t\t<div class=\"elementor-widget-wrap elementor-element-populated\">\n\t\t\t\t\t\t<div class=\"elementor-element elementor-element-4b2b61f1 elementor-widget elementor-widget-heading\" data-id=\"4b2b61f1\" data-element_type=\"widget\" data-e-type=\"widget\" data-widget_type=\"heading.default\">\n\t\t\t\t<div class=\"elementor-widget-container\">\n\t\t\t\t\t<p class=\"elementor-heading-title elementor-size-default\">INFOS<\/p>\t\t\t\t<\/div>\n\t\t\t\t<\/div>\n\t\t\t\t<div class=\"elementor-element elementor-element-391866be elementor-widget elementor-widget-text-editor\" data-id=\"391866be\" data-element_type=\"widget\" data-e-type=\"widget\" data-widget_type=\"text-editor.default\">\n\t\t\t\t<div class=\"elementor-widget-container\">\n\t\t\t\t\t\t\t\t\t<p style=\"border-top: 2px solid #E3E3E3; padding: 5px;\"><a href=\"\/?page_id=182\">Impressum &amp; Rechtliches<\/a><span style=\"float: right;\">Copyright \u00a9 Euromedex<\/span><\/p>\n\t\t\t\t\t\t\t\t<\/div>\n\t\t\t\t<\/div>\n\t\t\t\t\t<\/div>\n\t\t<\/div>\n\t\t\t\t\t<\/div>\n\t\t<\/section>\n\t\t\t\t<\/div>\n\t\t","protected":false},"excerpt":{"rendered":"<p>CLINICAL TRIALS LOGISTIC EUROMEDEX ist in der Lage, die gesamte Logistik einer klinischen Studie zu \u00fcbernehmen, von der Herstellung von Pr\u00fcfprodukten bis zu deren Verwendung am Studienort. UNSERE EXPERTISE EUROMEDEX ist ein erfahrener Partner f\u00fcr CROs und Unternehmen, die klinische Studien durchf\u00fchren. Alle Dienstleistungen werden unter strikter Einhaltung der aufsichtsbeh\u00f6rdlichen Vorgaben und der BPF- und &hellip; <\/p>\n<p class=\"link-more\"><a href=\"https:\/\/web.euromedex.com\/de\/clinical-trial-logistic\/\" class=\"more-link\"><span class=\"screen-reader-text\">\u201eCLINICAL TRIALS LOGISTIC\u201c <\/span>weiterlesen<\/a><\/p>\n","protected":false},"author":1,"featured_media":0,"parent":0,"menu_order":0,"comment_status":"closed","ping_status":"closed","template":"elementor_canvas","meta":{"footnotes":""},"class_list":["post-617","page","type-page","status-publish","hentry"],"_links":{"self":[{"href":"https:\/\/web.euromedex.com\/de\/wp-json\/wp\/v2\/pages\/617\/"}],"collection":[{"href":"https:\/\/web.euromedex.com\/de\/wp-json\/wp\/v2\/pages\/"}],"about":[{"href":"https:\/\/web.euromedex.com\/de\/wp-json\/wp\/v2\/types\/page\/"}],"author":[{"embeddable":true,"href":"https:\/\/web.euromedex.com\/de\/wp-json\/wp\/v2\/users\/1\/"}],"replies":[{"embeddable":true,"href":"https:\/\/web.euromedex.com\/de\/wp-json\/wp\/v2\/comments\/?post=617"}],"version-history":[{"count":26,"href":"https:\/\/web.euromedex.com\/de\/wp-json\/wp\/v2\/pages\/617\/revisions\/"}],"predecessor-version":[{"id":1167,"href":"https:\/\/web.euromedex.com\/de\/wp-json\/wp\/v2\/pages\/617\/revisions\/1167\/"}],"wp:attachment":[{"href":"https:\/\/web.euromedex.com\/de\/wp-json\/wp\/v2\/media\/?parent=617"}],"curies":[{"name":"wp","href":"https:\/\/api.w.org\/{rel}","templated":true}]}}