{"id":557,"date":"2018-10-07T15:20:21","date_gmt":"2018-10-07T13:20:21","guid":{"rendered":"https:\/\/web.euromedex.com\/uber-uns\/"},"modified":"2019-01-30T17:24:07","modified_gmt":"2019-01-30T16:24:07","slug":"uber-uns","status":"publish","type":"page","link":"https:\/\/web.euromedex.com\/de\/uber-uns\/","title":{"rendered":"UBER UNS"},"content":{"rendered":"\t\t<div data-elementor-type=\"wp-post\" data-elementor-id=\"557\" class=\"elementor elementor-557 elementor-bc-flex-widget\" data-elementor-post-type=\"page\">\n\t\t\t\t\t\t<section class=\"elementor-section elementor-top-section elementor-element elementor-element-7a659140 elementor-section-full_width elementor-section-height-default elementor-section-height-default\" data-id=\"7a659140\" data-element_type=\"section\" data-e-type=\"section\" data-settings=\"{&quot;background_background&quot;:&quot;classic&quot;,&quot;sticky&quot;:&quot;top&quot;,&quot;sticky_on&quot;:[&quot;desktop&quot;,&quot;tablet&quot;,&quot;mobile&quot;],&quot;sticky_offset&quot;:0,&quot;sticky_effects_offset&quot;:0,&quot;sticky_anchor_link_offset&quot;:0}\">\n\t\t\t\t\t\t<div class=\"elementor-container elementor-column-gap-default\">\n\t\t\t\t\t<div class=\"elementor-column elementor-col-25 elementor-top-column elementor-element elementor-element-2210f4a\" data-id=\"2210f4a\" data-element_type=\"column\" data-e-type=\"column\">\n\t\t\t<div class=\"elementor-widget-wrap elementor-element-populated\">\n\t\t\t\t\t\t<div class=\"elementor-element elementor-element-b3bfdb6 elementor-widget elementor-widget-image\" data-id=\"b3bfdb6\" data-element_type=\"widget\" data-e-type=\"widget\" data-widget_type=\"image.default\">\n\t\t\t\t<div class=\"elementor-widget-container\">\n\t\t\t\t\t\t\t\t\t\t\t\t\t\t\t<img decoding=\"async\" width=\"182\" height=\"45\" src=\"https:\/\/web.euromedex.com\/wp-content\/uploads\/2018\/06\/logo_euromedex.png\" class=\"attachment-large size-large wp-image-17\" alt=\"\" sizes=\"100vw\" \/>\t\t\t\t\t\t\t\t\t\t\t\t\t\t\t<\/div>\n\t\t\t\t<\/div>\n\t\t\t\t\t<\/div>\n\t\t<\/div>\n\t\t\t\t<div class=\"elementor-column elementor-col-50 elementor-top-column elementor-element elementor-element-3ee60e6a\" data-id=\"3ee60e6a\" data-element_type=\"column\" data-e-type=\"column\">\n\t\t\t<div class=\"elementor-widget-wrap elementor-element-populated\">\n\t\t\t\t\t\t<div class=\"elementor-element elementor-element-3a8f7540 elementor-nav-menu--dropdown-tablet elementor-nav-menu__text-align-aside elementor-nav-menu--toggle elementor-nav-menu--burger elementor-widget elementor-widget-nav-menu\" data-id=\"3a8f7540\" data-element_type=\"widget\" data-e-type=\"widget\" data-settings=\"{&quot;layout&quot;:&quot;horizontal&quot;,&quot;submenu_icon&quot;:{&quot;value&quot;:&quot;&lt;i class=\\&quot;fas fa-caret-down\\&quot; aria-hidden=\\&quot;true\\&quot;&gt;&lt;\\\/i&gt;&quot;,&quot;library&quot;:&quot;fa-solid&quot;},&quot;toggle&quot;:&quot;burger&quot;}\" data-widget_type=\"nav-menu.default\">\n\t\t\t\t<div class=\"elementor-widget-container\">\n\t\t\t\t\t\t\t\t<nav aria-label=\"Men\u00fc\" class=\"elementor-nav-menu--main elementor-nav-menu__container elementor-nav-menu--layout-horizontal e--pointer-underline e--animation-fade\">\n\t\t\t\t<ul id=\"menu-1-3a8f7540\" class=\"elementor-nav-menu\"><li class=\"menu-item menu-item-type-custom menu-item-object-custom menu-item-460\"><a href=\"https:\/\/web.euromedex.com\/de\/\" class=\"elementor-item\">HOME<\/a><\/li>\n<li class=\"menu-item menu-item-type-custom menu-item-object-custom menu-item-509\"><a href=\"https:\/\/web.euromedex.com\/de\/uber-uns\/\" class=\"elementor-item\">\u00dcBER UNS<\/a><\/li>\n<li class=\"menu-item menu-item-type-custom menu-item-object-custom menu-item-has-children menu-item-510\"><a class=\"elementor-item\">LEISTUNGEN<\/a>\n<ul class=\"sub-menu elementor-nav-menu--dropdown\">\n\t<li class=\"menu-item menu-item-type-custom menu-item-object-custom menu-item-511\"><a href=\"https:\/\/web.euromedex.com\/de\/international-pharmaceutical-wholesaler\/\" class=\"elementor-sub-item\">INTERNATIONAL PHARMACEUTICAL WHOLESALER<\/a><\/li>\n\t<li class=\"menu-item menu-item-type-custom menu-item-object-custom menu-item-512\"><a href=\"https:\/\/web.euromedex.com\/de\/pharmaceutical-export-development\/\" class=\"elementor-sub-item\">PHARMACEUTICAL EXPORT DEVELOPMENT<\/a><\/li>\n\t<li class=\"menu-item menu-item-type-custom menu-item-object-custom menu-item-513\"><a href=\"https:\/\/web.euromedex.com\/de\/pharmacovigilance\/\" class=\"elementor-sub-item\">PHARMACOVIGILANCE<\/a><\/li>\n\t<li class=\"menu-item menu-item-type-custom menu-item-object-custom menu-item-514\"><a href=\"https:\/\/web.euromedex.com\/de\/clinical-trial-logistic\/\" class=\"elementor-sub-item\">CLINICAL TRIALS LOGISTIC<\/a><\/li>\n\t<li class=\"menu-item menu-item-type-custom menu-item-object-custom menu-item-515\"><a href=\"https:\/\/web.euromedex.com\/de\/life-science-products\/\" class=\"elementor-sub-item\">LIFE SCIENCE PRODUCTS<\/a><\/li>\n<\/ul>\n<\/li>\n<li class=\"menu-item menu-item-type-custom menu-item-object-custom menu-item-550\"><a href=\"https:\/\/web.euromedex.com\/de\/nachrichten\/\" class=\"elementor-item\">NEWS<\/a><\/li>\n<li class=\"menu-item menu-item-type-custom menu-item-object-custom menu-item-516\"><a href=\"https:\/\/web.euromedex.com\/de\/kontakt\/\" class=\"elementor-item\">KONTAKT<\/a><\/li>\n<li class=\"menu-item menu-item-type-custom menu-item-object-custom menu-item-has-children menu-item-517\"><a class=\"elementor-item\">e-SHOP<\/a>\n<ul class=\"sub-menu elementor-nav-menu--dropdown\">\n\t<li class=\"menu-item menu-item-type-custom menu-item-object-custom menu-item-518\"><a href=\"http:\/\/shop-euromedex.com\" class=\"elementor-sub-item\">ARZNEIMITTEL UND GESUNDHEITSPRODUKTE<\/a><\/li>\n\t<li class=\"menu-item menu-item-type-custom menu-item-object-custom menu-item-519\"><a href=\"https:\/\/shopresearch.euromedex.com\/\" class=\"elementor-sub-item\">FORSCHUNGSPRODUKTE<\/a><\/li>\n<\/ul>\n<\/li>\n<li class=\"menu-item wpml-ls-slot-2 wpml-ls-item wpml-ls-item-de wpml-ls-current-language wpml-ls-menu-item wpml-ls-last-item menu-item-type-wpml_ls_menu_item menu-item-object-wpml_ls_menu_item menu-item-has-children menu-item-wpml-ls-2-de\"><a href=\"https:\/\/web.euromedex.com\/de\/\" class=\"elementor-item\"><img decoding=\"async\" class=\"wpml-ls-flag\" src=\"https:\/\/web.euromedex.com\/wp-content\/plugins\/sitepress-multilingual-cms\/res\/flags\/de.png\" alt=\"de\" title=\"Deutsch\"><\/a>\n<ul class=\"sub-menu elementor-nav-menu--dropdown\">\n\t<li class=\"menu-item wpml-ls-slot-2 wpml-ls-item wpml-ls-item-fr wpml-ls-menu-item wpml-ls-first-item menu-item-type-wpml_ls_menu_item menu-item-object-wpml_ls_menu_item menu-item-wpml-ls-2-fr\"><a href=\"https:\/\/web.euromedex.com\" class=\"elementor-sub-item\"><img decoding=\"async\" class=\"wpml-ls-flag\" src=\"https:\/\/web.euromedex.com\/wp-content\/plugins\/sitepress-multilingual-cms\/res\/flags\/fr.png\" alt=\"fr\" title=\"Fran\u00e7ais\"><\/a><\/li>\n\t<li class=\"menu-item wpml-ls-slot-2 wpml-ls-item wpml-ls-item-en wpml-ls-menu-item menu-item-type-wpml_ls_menu_item menu-item-object-wpml_ls_menu_item menu-item-wpml-ls-2-en\"><a href=\"https:\/\/web.euromedex.com\/en\/\" class=\"elementor-sub-item\"><img decoding=\"async\" class=\"wpml-ls-flag\" src=\"https:\/\/web.euromedex.com\/wp-content\/plugins\/sitepress-multilingual-cms\/res\/flags\/en.png\" alt=\"en\" title=\"English\"><\/a><\/li>\n<\/ul>\n<\/li>\n<\/ul>\t\t\t<\/nav>\n\t\t\t\t\t<div class=\"elementor-menu-toggle\" role=\"button\" tabindex=\"0\" aria-label=\"Men\u00fc Umschalter\" aria-expanded=\"false\">\n\t\t\t<i aria-hidden=\"true\" role=\"presentation\" class=\"elementor-menu-toggle__icon--open eicon-menu-bar\"><\/i><i aria-hidden=\"true\" role=\"presentation\" class=\"elementor-menu-toggle__icon--close eicon-close\"><\/i>\t\t<\/div>\n\t\t\t\t\t<nav class=\"elementor-nav-menu--dropdown elementor-nav-menu__container\" aria-hidden=\"true\">\n\t\t\t\t<ul id=\"menu-2-3a8f7540\" class=\"elementor-nav-menu\"><li class=\"menu-item menu-item-type-custom menu-item-object-custom menu-item-460\"><a href=\"https:\/\/web.euromedex.com\/de\/\" class=\"elementor-item\" tabindex=\"-1\">HOME<\/a><\/li>\n<li class=\"menu-item menu-item-type-custom menu-item-object-custom menu-item-509\"><a href=\"https:\/\/web.euromedex.com\/de\/uber-uns\/\" class=\"elementor-item\" tabindex=\"-1\">\u00dcBER UNS<\/a><\/li>\n<li class=\"menu-item menu-item-type-custom menu-item-object-custom menu-item-has-children menu-item-510\"><a class=\"elementor-item\" tabindex=\"-1\">LEISTUNGEN<\/a>\n<ul class=\"sub-menu elementor-nav-menu--dropdown\">\n\t<li class=\"menu-item menu-item-type-custom menu-item-object-custom menu-item-511\"><a href=\"https:\/\/web.euromedex.com\/de\/international-pharmaceutical-wholesaler\/\" class=\"elementor-sub-item\" tabindex=\"-1\">INTERNATIONAL PHARMACEUTICAL WHOLESALER<\/a><\/li>\n\t<li class=\"menu-item menu-item-type-custom menu-item-object-custom menu-item-512\"><a href=\"https:\/\/web.euromedex.com\/de\/pharmaceutical-export-development\/\" class=\"elementor-sub-item\" tabindex=\"-1\">PHARMACEUTICAL EXPORT DEVELOPMENT<\/a><\/li>\n\t<li class=\"menu-item menu-item-type-custom menu-item-object-custom menu-item-513\"><a href=\"https:\/\/web.euromedex.com\/de\/pharmacovigilance\/\" class=\"elementor-sub-item\" tabindex=\"-1\">PHARMACOVIGILANCE<\/a><\/li>\n\t<li class=\"menu-item menu-item-type-custom menu-item-object-custom menu-item-514\"><a href=\"https:\/\/web.euromedex.com\/de\/clinical-trial-logistic\/\" class=\"elementor-sub-item\" tabindex=\"-1\">CLINICAL TRIALS LOGISTIC<\/a><\/li>\n\t<li class=\"menu-item menu-item-type-custom menu-item-object-custom menu-item-515\"><a href=\"https:\/\/web.euromedex.com\/de\/life-science-products\/\" class=\"elementor-sub-item\" tabindex=\"-1\">LIFE SCIENCE PRODUCTS<\/a><\/li>\n<\/ul>\n<\/li>\n<li class=\"menu-item menu-item-type-custom menu-item-object-custom menu-item-550\"><a href=\"https:\/\/web.euromedex.com\/de\/nachrichten\/\" class=\"elementor-item\" tabindex=\"-1\">NEWS<\/a><\/li>\n<li class=\"menu-item menu-item-type-custom menu-item-object-custom menu-item-516\"><a href=\"https:\/\/web.euromedex.com\/de\/kontakt\/\" class=\"elementor-item\" tabindex=\"-1\">KONTAKT<\/a><\/li>\n<li class=\"menu-item menu-item-type-custom menu-item-object-custom menu-item-has-children menu-item-517\"><a class=\"elementor-item\" tabindex=\"-1\">e-SHOP<\/a>\n<ul class=\"sub-menu elementor-nav-menu--dropdown\">\n\t<li class=\"menu-item menu-item-type-custom menu-item-object-custom menu-item-518\"><a href=\"http:\/\/shop-euromedex.com\" class=\"elementor-sub-item\" tabindex=\"-1\">ARZNEIMITTEL UND GESUNDHEITSPRODUKTE<\/a><\/li>\n\t<li class=\"menu-item menu-item-type-custom menu-item-object-custom menu-item-519\"><a href=\"https:\/\/shopresearch.euromedex.com\/\" class=\"elementor-sub-item\" tabindex=\"-1\">FORSCHUNGSPRODUKTE<\/a><\/li>\n<\/ul>\n<\/li>\n<li class=\"menu-item wpml-ls-slot-2 wpml-ls-item wpml-ls-item-de wpml-ls-current-language wpml-ls-menu-item wpml-ls-last-item menu-item-type-wpml_ls_menu_item menu-item-object-wpml_ls_menu_item menu-item-has-children menu-item-wpml-ls-2-de\"><a href=\"https:\/\/web.euromedex.com\/de\/\" class=\"elementor-item\" tabindex=\"-1\"><img decoding=\"async\" class=\"wpml-ls-flag\" src=\"https:\/\/web.euromedex.com\/wp-content\/plugins\/sitepress-multilingual-cms\/res\/flags\/de.png\" alt=\"de\" title=\"Deutsch\"><\/a>\n<ul class=\"sub-menu elementor-nav-menu--dropdown\">\n\t<li class=\"menu-item wpml-ls-slot-2 wpml-ls-item wpml-ls-item-fr wpml-ls-menu-item wpml-ls-first-item menu-item-type-wpml_ls_menu_item menu-item-object-wpml_ls_menu_item menu-item-wpml-ls-2-fr\"><a href=\"https:\/\/web.euromedex.com\" class=\"elementor-sub-item\" tabindex=\"-1\"><img decoding=\"async\" class=\"wpml-ls-flag\" src=\"https:\/\/web.euromedex.com\/wp-content\/plugins\/sitepress-multilingual-cms\/res\/flags\/fr.png\" alt=\"fr\" title=\"Fran\u00e7ais\"><\/a><\/li>\n\t<li class=\"menu-item wpml-ls-slot-2 wpml-ls-item wpml-ls-item-en wpml-ls-menu-item menu-item-type-wpml_ls_menu_item menu-item-object-wpml_ls_menu_item menu-item-wpml-ls-2-en\"><a href=\"https:\/\/web.euromedex.com\/en\/\" class=\"elementor-sub-item\" tabindex=\"-1\"><img decoding=\"async\" class=\"wpml-ls-flag\" src=\"https:\/\/web.euromedex.com\/wp-content\/plugins\/sitepress-multilingual-cms\/res\/flags\/en.png\" alt=\"en\" title=\"English\"><\/a><\/li>\n<\/ul>\n<\/li>\n<\/ul>\t\t\t<\/nav>\n\t\t\t\t\t\t<\/div>\n\t\t\t\t<\/div>\n\t\t\t\t\t<\/div>\n\t\t<\/div>\n\t\t\t\t<div class=\"elementor-column elementor-col-25 elementor-top-column elementor-element elementor-element-75935eb9\" data-id=\"75935eb9\" data-element_type=\"column\" data-e-type=\"column\">\n\t\t\t<div class=\"elementor-widget-wrap\">\n\t\t\t\t\t\t\t<\/div>\n\t\t<\/div>\n\t\t\t\t\t<\/div>\n\t\t<\/section>\n\t\t\t\t<section class=\"elementor-section elementor-top-section elementor-element elementor-element-2a25640 elementor-section-full_width elementor-section-height-default elementor-section-height-default\" data-id=\"2a25640\" data-element_type=\"section\" data-e-type=\"section\">\n\t\t\t\t\t\t<div class=\"elementor-container elementor-column-gap-default\">\n\t\t\t\t\t<div class=\"elementor-column elementor-col-100 elementor-top-column elementor-element elementor-element-d88c03d\" data-id=\"d88c03d\" data-element_type=\"column\" data-e-type=\"column\">\n\t\t\t<div class=\"elementor-widget-wrap elementor-element-populated\">\n\t\t\t\t\t\t<div class=\"elementor-element elementor-element-019f976 elementor-widget elementor-widget-heading\" data-id=\"019f976\" data-element_type=\"widget\" data-e-type=\"widget\" data-widget_type=\"heading.default\">\n\t\t\t\t<div class=\"elementor-widget-container\">\n\t\t\t\t\t<h2 class=\"elementor-heading-title elementor-size-default\">\u00dcBER UNS<\/h2>\t\t\t\t<\/div>\n\t\t\t\t<\/div>\n\t\t\t\t\t<\/div>\n\t\t<\/div>\n\t\t\t\t\t<\/div>\n\t\t<\/section>\n\t\t\t\t<section class=\"elementor-section elementor-top-section elementor-element elementor-element-0ccbb4d elementor-section-full_width elementor-section-height-default elementor-section-height-default\" data-id=\"0ccbb4d\" data-element_type=\"section\" data-e-type=\"section\">\n\t\t\t\t\t\t<div class=\"elementor-container elementor-column-gap-default\">\n\t\t\t\t\t<div class=\"elementor-column elementor-col-100 elementor-top-column elementor-element elementor-element-28b0bcf\" data-id=\"28b0bcf\" data-element_type=\"column\" data-e-type=\"column\">\n\t\t\t<div class=\"elementor-widget-wrap elementor-element-populated\">\n\t\t\t\t\t\t<div class=\"elementor-element elementor-element-6971602 elementor-widget elementor-widget-text-editor\" data-id=\"6971602\" data-element_type=\"widget\" data-e-type=\"widget\" data-widget_type=\"text-editor.default\">\n\t\t\t\t<div class=\"elementor-widget-container\">\n\t\t\t\t\t\t\t\t\t<div class=\"field-item even\" style=\"padding-left: 8px;\">\n<div class=\"entity entity-paragraphs-item paragraphs-item-texte\">\n<div class=\"content lh-16\">\n<div class=\"field field-name-field-texte field-type-text-long field-label-hidden\">\n<div class=\"field-items\">\n<div class=\"field-item even\">\n<div class=\"field-item even\">\n<div class=\"entity entity-paragraphs-item paragraphs-item-texte\">\n<div class=\"content lh-16\">\n<div class=\"field field-name-field-texte field-type-text-long field-label-hidden\">\n<div class=\"field-items\">\n<div class=\"field-item even\">\n<p><strong>EUROMEDEX wurde im Jahre 1984 in Stra\u00dfburg gegr\u00fcndet und spezialisiert sich auf den internationalen Vertrieb von Medikamenten und f\u00fcr die Forschung bestimmten Reagenzien.<\/strong><\/p>\n<\/div>\n<\/div>\n<\/div>\n<\/div>\n<\/div>\n<\/div>\n<\/div>\n<\/div>\n<\/div>\n<\/div>\n<\/div>\n<\/div>\n\t\t\t\t\t\t\t\t<\/div>\n\t\t\t\t<\/div>\n\t\t\t\t\t<\/div>\n\t\t<\/div>\n\t\t\t\t\t<\/div>\n\t\t<\/section>\n\t\t\t\t<section class=\"elementor-section elementor-top-section elementor-element elementor-element-e34b7b5 elementor-section-full_width elementor-section-height-default elementor-section-height-default\" data-id=\"e34b7b5\" data-element_type=\"section\" data-e-type=\"section\">\n\t\t\t\t\t\t<div class=\"elementor-container elementor-column-gap-wide\">\n\t\t\t\t\t<div class=\"elementor-column elementor-col-50 elementor-top-column elementor-element elementor-element-ba84f4d\" data-id=\"ba84f4d\" data-element_type=\"column\" data-e-type=\"column\">\n\t\t\t<div class=\"elementor-widget-wrap elementor-element-populated\">\n\t\t\t\t\t\t<div class=\"elementor-element elementor-element-0b57020 elementor-widget elementor-widget-image\" data-id=\"0b57020\" data-element_type=\"widget\" data-e-type=\"widget\" data-widget_type=\"image.default\">\n\t\t\t\t<div class=\"elementor-widget-container\">\n\t\t\t\t\t\t\t\t\t\t\t\t\t\t\t<img fetchpriority=\"high\" decoding=\"async\" width=\"600\" height=\"419\" src=\"https:\/\/web.euromedex.com\/wp-content\/uploads\/2018\/07\/euromedex-batiment.jpg\" class=\"attachment-full size-full wp-image-222\" alt=\"\" srcset=\"https:\/\/web.euromedex.com\/wp-content\/uploads\/2018\/07\/euromedex-batiment.jpg 600w, https:\/\/web.euromedex.com\/wp-content\/uploads\/2018\/07\/euromedex-batiment-300x210.jpg 300w\" sizes=\"100vw\" \/>\t\t\t\t\t\t\t\t\t\t\t\t\t\t\t<\/div>\n\t\t\t\t<\/div>\n\t\t\t\t\t<\/div>\n\t\t<\/div>\n\t\t\t\t<div class=\"elementor-column elementor-col-50 elementor-top-column elementor-element elementor-element-4433a58\" data-id=\"4433a58\" data-element_type=\"column\" data-e-type=\"column\">\n\t\t\t<div class=\"elementor-widget-wrap elementor-element-populated\">\n\t\t\t\t\t\t<div class=\"elementor-element elementor-element-965341a elementor-widget elementor-widget-text-editor\" data-id=\"965341a\" data-element_type=\"widget\" data-e-type=\"widget\" data-widget_type=\"text-editor.default\">\n\t\t\t\t<div class=\"elementor-widget-container\">\n\t\t\t\t\t\t\t\t\t<p>Als pharmazeutisches Unternehmen h\u00e4lt sich EUROMEDEX strikt an die Guten Herstellungs- und Vertriebspraktiken der Branche.<\/p><ul><li><strong><a href=\"https:\/\/web.euromedex.com\/de\/international-pharmaceutical-wholesaler\/\"><span style=\"color: #193d78;\">International Pharmaceutical Wholesaler\u00a0<\/span><\/a><\/strong>: In den Bereichen verschreibungspflichtige und rezeptfreie Medikamente, Produkte f\u00fcr Stoma-, Inkontinenz- und Wundversorgung, Di\u00e4tprodukte, Eaux de Parfum und Veterin\u00e4rmedizin sind \u00fcber 200.000 Referenzprodukte f\u00fcr den Export verf\u00fcgbar.<\/li><li><a href=\"https:\/\/web.euromedex.com\/de\/pharmaceutical-export-development\/\"><strong><span style=\"color: #193d78;\">Pharmaceutical Export Development<\/span><\/strong><\/a> :Mit ihren Vertretungs buros und in enger Zusammenarbeit mit den Exportabteilungen der pharmazeutischen Labors betreut EUROMEDEX das Marketing, die Zulassung und die Einhaltung und Dokumentation beh\u00f6rdlicher Vorgaben, die Verkaufsf\u00f6rderung, den Export und den Vertrieb der ihr anvertrauten Produkte. Insbesondere ist EUROMEDEX in den GUS-Staaten, in Mittel- und Osteuropa, in Zentralasien und in den L\u00e4ndern des Kaukasus t\u00e4tig.<\/li><li><a href=\"https:\/\/web.euromedex.com\/de\/clinical-trial-logistic\/\"><strong><span style=\"color: #193d78;\">Clinical Trials Logistic<\/span><\/strong><\/a> : EUROMEDEX \u00fcbernimmt f\u00fcr CROs (Vertragsforschungs-Organisationen)\u00a0<span style=\"font-size: 1rem;\">und Labors, die klinische Studien durchf\u00fchren, die Lagerung und Logistik von therapeutischen Einheiten in Frankreich und auf internationaler Ebene.<\/span><div class=\"page\" title=\"Page 2\"><div class=\"section\"><div class=\"layoutArea\"><div class=\"column\"><p><a style=\"background-color: #ffffff; font-size: 1rem;\" href=\"https:\/\/web.euromedex.com\/de\/life-science-products\/\"><strong><span style=\"color: #193d78;\">Life Science Products<\/span><\/strong><\/a><span style=\"font-size: 1rem;\"> :EUROMEDEX bietet \u00fcber 1 Million\u00a0Referenzprodukte im Bereich der medizinischen und wissenschaftlichen Forschung in der Immunologie, Zellularbiologie, Molekularbiologie und Genetik an.<\/span><\/p><\/div><\/div><\/div><\/div><\/li><\/ul><p>Alle Mitarbeiter von EUROMEDEX sind sich der Anforderungen im Gesundheitsbereich vollkommen bewusst, konzentrieren sich auf den Patienten als Mittelpunkt ihrer Bem\u00fchungen und teilen die gleichen Wertvorstellungen hinsichtlich Leistung, Initiative und Zusammenarbeit mit ihren Kunden und Lieferanten.<\/p>\t\t\t\t\t\t\t\t<\/div>\n\t\t\t\t<\/div>\n\t\t\t\t\t<\/div>\n\t\t<\/div>\n\t\t\t\t\t<\/div>\n\t\t<\/section>\n\t\t\t\t<section class=\"elementor-section elementor-top-section elementor-element elementor-element-5c1dc785 elementor-section-boxed elementor-section-height-default elementor-section-height-default\" data-id=\"5c1dc785\" data-element_type=\"section\" data-e-type=\"section\">\n\t\t\t\t\t\t<div class=\"elementor-container elementor-column-gap-default\">\n\t\t\t\t\t<div class=\"elementor-column elementor-col-33 elementor-top-column elementor-element elementor-element-2bca297a\" data-id=\"2bca297a\" data-element_type=\"column\" data-e-type=\"column\">\n\t\t\t<div class=\"elementor-widget-wrap elementor-element-populated\">\n\t\t\t\t\t\t<div class=\"elementor-element elementor-element-196d3d7d elementor-widget elementor-widget-heading\" data-id=\"196d3d7d\" data-element_type=\"widget\" data-e-type=\"widget\" data-widget_type=\"heading.default\">\n\t\t\t\t<div class=\"elementor-widget-container\">\n\t\t\t\t\t<p class=\"elementor-heading-title elementor-size-small\">DIRECT LINKS<\/p>\t\t\t\t<\/div>\n\t\t\t\t<\/div>\n\t\t\t\t<div class=\"elementor-element elementor-element-2bfa153f elementor-widget elementor-widget-text-editor\" data-id=\"2bfa153f\" data-element_type=\"widget\" data-e-type=\"widget\" data-widget_type=\"text-editor.default\">\n\t\t\t\t<div class=\"elementor-widget-container\">\n\t\t\t\t\t\t\t\t\t<p style=\"border-top: 2px solid #E3E3E3; padding: 5px;\"><a href=\"https:\/\/web.euromedex.com\/de\/\">Home<\/a><a style=\"float: right;\" href=\"https:\/\/web.euromedex.com\/de\/uber-uns\/\">\u00dcber uns<\/a><\/p>\t\t\t\t\t\t\t\t<\/div>\n\t\t\t\t<\/div>\n\t\t\t\t\t<\/div>\n\t\t<\/div>\n\t\t\t\t<div class=\"elementor-column elementor-col-33 elementor-top-column elementor-element elementor-element-41583085\" data-id=\"41583085\" data-element_type=\"column\" data-e-type=\"column\">\n\t\t\t<div class=\"elementor-widget-wrap elementor-element-populated\">\n\t\t\t\t\t\t<div class=\"elementor-element elementor-element-7680696f elementor-widget elementor-widget-heading\" data-id=\"7680696f\" data-element_type=\"widget\" data-e-type=\"widget\" data-widget_type=\"heading.default\">\n\t\t\t\t<div class=\"elementor-widget-container\">\n\t\t\t\t\t<p class=\"elementor-heading-title elementor-size-default\">KONTAKT<\/p>\t\t\t\t<\/div>\n\t\t\t\t<\/div>\n\t\t\t\t<div class=\"elementor-element elementor-element-e35e30c elementor-widget elementor-widget-text-editor\" data-id=\"e35e30c\" data-element_type=\"widget\" data-e-type=\"widget\" data-widget_type=\"text-editor.default\">\n\t\t\t\t<div class=\"elementor-widget-container\">\n\t\t\t\t\t\t\t\t\t<p style=\"border-top: 2px solid #E3E3E3; padding: 5px;\">Euromedex<br \/>24 rue des tuileries<br \/>67460 Souffelweyersheim<br \/>France<\/p>\n<p><span style=\"float: right; margin-top: -155px; padding: 5px;\"><br \/><a href=\"https:\/\/web.euromedex.com\/de\/kontakt\/\">Kontakt aufnehmen<\/a><br \/><\/span><\/p>\n\t\t\t\t\t\t\t\t<\/div>\n\t\t\t\t<\/div>\n\t\t\t\t\t<\/div>\n\t\t<\/div>\n\t\t\t\t<div class=\"elementor-column elementor-col-33 elementor-top-column elementor-element elementor-element-63422b5b\" data-id=\"63422b5b\" data-element_type=\"column\" data-e-type=\"column\">\n\t\t\t<div class=\"elementor-widget-wrap elementor-element-populated\">\n\t\t\t\t\t\t<div class=\"elementor-element elementor-element-2f69c0e6 elementor-widget elementor-widget-heading\" data-id=\"2f69c0e6\" data-element_type=\"widget\" data-e-type=\"widget\" data-widget_type=\"heading.default\">\n\t\t\t\t<div class=\"elementor-widget-container\">\n\t\t\t\t\t<p class=\"elementor-heading-title elementor-size-default\">INFOS<\/p>\t\t\t\t<\/div>\n\t\t\t\t<\/div>\n\t\t\t\t<div class=\"elementor-element elementor-element-33c20280 elementor-widget elementor-widget-text-editor\" data-id=\"33c20280\" data-element_type=\"widget\" data-e-type=\"widget\" data-widget_type=\"text-editor.default\">\n\t\t\t\t<div class=\"elementor-widget-container\">\n\t\t\t\t\t\t\t\t\t<p style=\"border-top: 2px solid #E3E3E3; padding: 5px;\"><a href=\"\/?page_id=182\">Impressum &#038; Rechtliches<\/a><span style=\"float: right;\">Copyright \u00a9 Euromedex<\/span><\/p>\n\t\t\t\t\t\t\t\t<\/div>\n\t\t\t\t<\/div>\n\t\t\t\t\t<\/div>\n\t\t<\/div>\n\t\t\t\t\t<\/div>\n\t\t<\/section>\n\t\t\t\t<\/div>\n\t\t","protected":false},"excerpt":{"rendered":"<p>\u00dcBER UNS EUROMEDEX wurde im Jahre 1984 in Stra\u00dfburg gegr\u00fcndet und spezialisiert sich auf den internationalen Vertrieb von Medikamenten und f\u00fcr die Forschung bestimmten Reagenzien. Als pharmazeutisches Unternehmen h\u00e4lt sich EUROMEDEX strikt an die Guten Herstellungs- und Vertriebspraktiken der Branche. International Pharmaceutical Wholesaler\u00a0: In den Bereichen verschreibungspflichtige und rezeptfreie Medikamente, Produkte f\u00fcr Stoma-, Inkontinenz- und &hellip; <\/p>\n<p class=\"link-more\"><a href=\"https:\/\/web.euromedex.com\/de\/uber-uns\/\" class=\"more-link\"><span class=\"screen-reader-text\">\u201eUBER UNS\u201c <\/span>weiterlesen<\/a><\/p>\n","protected":false},"author":1,"featured_media":0,"parent":0,"menu_order":0,"comment_status":"closed","ping_status":"closed","template":"elementor_canvas","meta":{"footnotes":""},"class_list":["post-557","page","type-page","status-publish","hentry"],"_links":{"self":[{"href":"https:\/\/web.euromedex.com\/de\/wp-json\/wp\/v2\/pages\/557\/"}],"collection":[{"href":"https:\/\/web.euromedex.com\/de\/wp-json\/wp\/v2\/pages\/"}],"about":[{"href":"https:\/\/web.euromedex.com\/de\/wp-json\/wp\/v2\/types\/page\/"}],"author":[{"embeddable":true,"href":"https:\/\/web.euromedex.com\/de\/wp-json\/wp\/v2\/users\/1\/"}],"replies":[{"embeddable":true,"href":"https:\/\/web.euromedex.com\/de\/wp-json\/wp\/v2\/comments\/?post=557"}],"version-history":[{"count":36,"href":"https:\/\/web.euromedex.com\/de\/wp-json\/wp\/v2\/pages\/557\/revisions\/"}],"predecessor-version":[{"id":1142,"href":"https:\/\/web.euromedex.com\/de\/wp-json\/wp\/v2\/pages\/557\/revisions\/1142\/"}],"wp:attachment":[{"href":"https:\/\/web.euromedex.com\/de\/wp-json\/wp\/v2\/media\/?parent=557"}],"curies":[{"name":"wp","href":"https:\/\/api.w.org\/{rel}","templated":true}]}}